{"id":320,"date":"2023-01-17T14:42:24","date_gmt":"2023-01-17T14:42:24","guid":{"rendered":"https:\/\/autoflueckiger.ch\/?page_id=320"},"modified":"2023-02-03T10:46:42","modified_gmt":"2023-02-03T09:46:42","slug":"impresum","status":"publish","type":"page","link":"https:\/\/autoflueckiger.ch\/?page_id=320","title":{"rendered":"Impresum"},"content":{"rendered":"<div data-colibri-id=\"320-c1\" class=\"style-276 style-local-320-c1 position-relative\">\n  <!---->\n  <div data-colibri-component=\"section\" data-colibri-id=\"320-c2\" id=\"custom\" class=\"h-section h-section-global-spacing d-flex align-items-lg-center align-items-md-center align-items-center style-278 style-local-320-c2 position-relative\">\n    <!---->\n    <!---->\n    <div class=\"h-section-grid-container h-section-boxed-container\">\n      <!---->\n      <div data-colibri-id=\"320-c3\" class=\"h-row-container gutters-row-lg-2 gutters-row-md-2 gutters-row-0 gutters-row-v-lg-2 gutters-row-v-md-2 gutters-row-v-2 style-279 style-local-320-c3 position-relative\">\n        <!---->\n        <div class=\"h-row justify-content-lg-center justify-content-md-center justify-content-center align-items-lg-stretch align-items-md-stretch align-items-stretch gutters-col-lg-2 gutters-col-md-2 gutters-col-0 gutters-col-v-lg-2 gutters-col-v-md-2 gutters-col-v-2\">\n          <!---->\n          <div class=\"h-column h-column-container d-flex h-col-lg-auto h-col-md-auto h-col-auto style-280-outer style-local-320-c4-outer\">\n            <div data-colibri-id=\"320-c4\" class=\"d-flex h-flex-basis h-column__inner h-px-lg-2 h-px-md-2 h-px-2 v-inner-lg-2 v-inner-md-2 v-inner-2 style-280 style-local-320-c4 position-relative\">\n              <!---->\n              <!---->\n              <div class=\"w-100 h-y-container h-column__content h-column__v-align flex-basis-100 align-self-lg-start align-self-md-start align-self-start\">\n                <!---->\n                <div data-colibri-id=\"320-c5\" class=\"h-text h-text-component style-281 style-local-320-c5 position-relative h-element\">\n                  <!---->\n                  <!---->\n                  <div class=\"\">\n                    <p><strong style=\"color: rgb(0, 26, 112);\">Auto Fl\u00fcckiger AG<\/strong><\/p>\n                    <p><span style=\"font-size: 16px; font-weight: 400; color: rgb(23, 23, 23); font-family: &quot;Frutiger Neue&quot;, Roboto, Arial, system-ui, -apple-system, BlinkMacSystemFont, sans-serif;\">Schwarzenburgstrasse 7<\/span>\n                      <br><span style=\"font-size: 16px; font-weight: 400; color: rgb(23, 23, 23); font-family: &quot;Frutiger Neue&quot;, Roboto, Arial, system-ui, -apple-system, BlinkMacSystemFont, sans-serif;\">3132 Riggisberg<\/span><\/p>\n                    <p><span style=\"color: rgb(0, 26, 112);\">Verantwortliche Personen<\/span><span style=\"color: rgb(23, 23, 23);\"><br>Marco Fl\u00fcckiger (Gesch\u00e4ftsf\u00fchrung &amp; Verkauf<br>Hanspeter Fl\u00fcckiger (<\/span><span style=\"color: rgb(23, 23, 23); font-family: &quot;Open Sans&quot;; font-size: 16px; font-weight: 400;\">Gesch\u00e4ftsf\u00fchrung)<\/span><\/p>\n                    <p>\n                      <br>\n                    <\/p>\n                    <p><span style=\"color: rgb(0, 26, 112);\">UID:&nbsp;<\/span><span style=\"font-size: 14px;\">C<\/span><span style=\"font-size: 14px; font-weight: 400; color: rgb(23, 23, 23); font-family: &quot;Open Sans&quot;, &quot;Helvetica Neue&quot;, Helvetica, Arial, sans-serif;\">HE-113.697.103<\/span><\/p>\n                    <p><span style=\"color: rgb(0, 26, 112);\">MwSt-Nr.:<\/span> <span style=\"font-weight: 400; color: rgb(23, 23, 23); font-family: &quot;Open Sans&quot;, &quot;Helvetica Neue&quot;, Helvetica, Arial, sans-serif; font-size: 14px;\">CHE-113.697.103<\/span><\/p>\n                  <\/div>\n                <\/div>\n              <\/div>\n            <\/div>\n          <\/div>\n        <\/div>\n      <\/div>\n    <\/div>\n  <\/div>\n<\/div>","protected":false},"excerpt":{"rendered":"<p>Auto Fl\u00fcckiger AG Schwarzenburgstrasse 7 3132 Riggisberg Verantwortliche PersonenMarco Fl\u00fcckiger (Gesch\u00e4ftsf\u00fchrung &amp; VerkaufHanspeter Fl\u00fcckiger (Gesch\u00e4ftsf\u00fchrung) UID:&nbsp;CHE-113.697.103 MwSt-Nr.: CHE-113.697.103<\/p>\n","protected":false},"author":1,"featured_media":0,"parent":0,"menu_order":0,"comment_status":"closed","ping_status":"closed","template":"page-templates\/full-width-page.php","meta":{"footnotes":""},"class_list":["post-320","page","type-page","status-publish","hentry"],"_links":{"self":[{"href":"https:\/\/autoflueckiger.ch\/index.php?rest_route=\/wp\/v2\/pages\/320","targetHints":{"allow":["GET"]}}],"collection":[{"href":"https:\/\/autoflueckiger.ch\/index.php?rest_route=\/wp\/v2\/pages"}],"about":[{"href":"https:\/\/autoflueckiger.ch\/index.php?rest_route=\/wp\/v2\/types\/page"}],"author":[{"embeddable":true,"href":"https:\/\/autoflueckiger.ch\/index.php?rest_route=\/wp\/v2\/users\/1"}],"replies":[{"embeddable":true,"href":"https:\/\/autoflueckiger.ch\/index.php?rest_route=%2Fwp%2Fv2%2Fcomments&post=320"}],"version-history":[{"count":9,"href":"https:\/\/autoflueckiger.ch\/index.php?rest_route=\/wp\/v2\/pages\/320\/revisions"}],"predecessor-version":[{"id":750,"href":"https:\/\/autoflueckiger.ch\/index.php?rest_route=\/wp\/v2\/pages\/320\/revisions\/750"}],"wp:attachment":[{"href":"https:\/\/autoflueckiger.ch\/index.php?rest_route=%2Fwp%2Fv2%2Fmedia&parent=320"}],"curies":[{"name":"wp","href":"https:\/\/api.w.org\/{rel}","templated":true}]}}